{"id":1611,"date":"2023-03-24T11:53:56","date_gmt":"2023-03-24T10:53:56","guid":{"rendered":"https:\/\/www.tecnofil.net\/produzione-filo-per-recinzioni\/"},"modified":"2023-09-01T09:35:21","modified_gmt":"2023-09-01T08:35:21","slug":"production-fil-pour-clotures","status":"publish","type":"page","link":"https:\/\/www.tecnofil.net\/fr\/production-fil-pour-clotures\/","title":{"rendered":"Production fil pour cl\u00f4tures"},"content":{"rendered":"","protected":false},"excerpt":{"rendered":"","protected":false},"author":1,"featured_media":484,"parent":0,"menu_order":10,"comment_status":"closed","ping_status":"closed","template":"template-single-impiego.php","meta":{"_acf_changed":false,"footnotes":""},"class_list":["post-1611","page","type-page","status-publish","has-post-thumbnail","hentry"],"acf":{"associazione_banner":1636,"associazione_impieghi":[1243,1251,1257,1371,1264,1550,1334,1280,1489,1341,1327],"anchor":"Fil pour cl\u00f4tures","titolo":"Production fil pour cl\u00f4tures","sottotitolo":"Les principaux secteurs d'utilisation du fil pour cl\u00f4tures"},"yoast_head":"<!-- This site is optimized with the Yoast SEO plugin v27.3 - https:\/\/yoast.com\/product\/yoast-seo-wordpress\/ -->\n<title>Tecnofil, leader dans production fil pour cl\u00f4tures<\/title>\n<meta name=\"description\" content=\"Le fil pour cl\u00f4tures trouve une application dans une vaste gamme de secteurs avec des produits de tr\u00e8s grande qualit\u00e9 et hautement personnalis\u00e9s\" \/>\n<meta name=\"robots\" content=\"index, follow, max-snippet:-1, max-image-preview:large, max-video-preview:-1\" \/>\n<link rel=\"canonical\" href=\"https:\/\/www.tecnofil.net\/fr\/production-fil-pour-clotures\/\" \/>\n<meta property=\"og:locale\" content=\"fr_FR\" \/>\n<meta property=\"og:type\" content=\"article\" \/>\n<meta property=\"og:title\" content=\"Tecnofil, leader dans production fil pour cl\u00f4tures\" \/>\n<meta property=\"og:description\" content=\"Le fil pour cl\u00f4tures trouve une application dans une vaste gamme de secteurs avec des produits de tr\u00e8s grande qualit\u00e9 et hautement personnalis\u00e9s\" \/>\n<meta property=\"og:url\" content=\"https:\/\/www.tecnofil.net\/fr\/production-fil-pour-clotures\/\" \/>\n<meta property=\"og:site_name\" content=\"Tecnofil\" \/>\n<meta property=\"article:modified_time\" content=\"2023-09-01T08:35:21+00:00\" \/>\n<meta property=\"og:image\" content=\"https:\/\/www.tecnofil.net\/wp-content\/uploads\/2023\/03\/shutterstock_139978996.jpg\" \/>\n\t<meta property=\"og:image:width\" content=\"1920\" \/>\n\t<meta property=\"og:image:height\" content=\"1275\" \/>\n\t<meta property=\"og:image:type\" content=\"image\/jpeg\" \/>\n<meta name=\"twitter:card\" content=\"summary_large_image\" \/>\n<script type=\"application\/ld+json\" class=\"yoast-schema-graph\">{\"@context\":\"https:\\\/\\\/schema.org\",\"@graph\":[{\"@type\":\"WebPage\",\"@id\":\"https:\\\/\\\/www.tecnofil.net\\\/fr\\\/production-fil-pour-clotures\\\/\",\"url\":\"https:\\\/\\\/www.tecnofil.net\\\/fr\\\/production-fil-pour-clotures\\\/\",\"name\":\"Tecnofil, leader dans production fil pour cl\u00f4tures\",\"isPartOf\":{\"@id\":\"https:\\\/\\\/www.tecnofil.net\\\/fr\\\/#website\"},\"primaryImageOfPage\":{\"@id\":\"https:\\\/\\\/www.tecnofil.net\\\/fr\\\/production-fil-pour-clotures\\\/#primaryimage\"},\"image\":{\"@id\":\"https:\\\/\\\/www.tecnofil.net\\\/fr\\\/production-fil-pour-clotures\\\/#primaryimage\"},\"thumbnailUrl\":\"https:\\\/\\\/www.tecnofil.net\\\/wp-content\\\/uploads\\\/2023\\\/03\\\/shutterstock_139978996.jpg\",\"datePublished\":\"2023-03-24T10:53:56+00:00\",\"dateModified\":\"2023-09-01T08:35:21+00:00\",\"description\":\"Le fil pour cl\u00f4tures trouve une application dans une vaste gamme de secteurs avec des produits de tr\u00e8s grande qualit\u00e9 et hautement personnalis\u00e9s\",\"breadcrumb\":{\"@id\":\"https:\\\/\\\/www.tecnofil.net\\\/fr\\\/production-fil-pour-clotures\\\/#breadcrumb\"},\"inLanguage\":\"fr-FR\",\"potentialAction\":[{\"@type\":\"ReadAction\",\"target\":[\"https:\\\/\\\/www.tecnofil.net\\\/fr\\\/production-fil-pour-clotures\\\/\"]}]},{\"@type\":\"ImageObject\",\"inLanguage\":\"fr-FR\",\"@id\":\"https:\\\/\\\/www.tecnofil.net\\\/fr\\\/production-fil-pour-clotures\\\/#primaryimage\",\"url\":\"https:\\\/\\\/www.tecnofil.net\\\/wp-content\\\/uploads\\\/2023\\\/03\\\/shutterstock_139978996.jpg\",\"contentUrl\":\"https:\\\/\\\/www.tecnofil.net\\\/wp-content\\\/uploads\\\/2023\\\/03\\\/shutterstock_139978996.jpg\",\"width\":1920,\"height\":1275},{\"@type\":\"BreadcrumbList\",\"@id\":\"https:\\\/\\\/www.tecnofil.net\\\/fr\\\/production-fil-pour-clotures\\\/#breadcrumb\",\"itemListElement\":[{\"@type\":\"ListItem\",\"position\":1,\"name\":\"Home\",\"item\":\"https:\\\/\\\/www.tecnofil.net\\\/fr\\\/\"},{\"@type\":\"ListItem\",\"position\":2,\"name\":\"Production fil pour cl\u00f4tures\"}]},{\"@type\":\"WebSite\",\"@id\":\"https:\\\/\\\/www.tecnofil.net\\\/fr\\\/#website\",\"url\":\"https:\\\/\\\/www.tecnofil.net\\\/fr\\\/\",\"name\":\"Tecnofil\",\"description\":\"bizonweb\",\"potentialAction\":[{\"@type\":\"SearchAction\",\"target\":{\"@type\":\"EntryPoint\",\"urlTemplate\":\"https:\\\/\\\/www.tecnofil.net\\\/fr\\\/?s={search_term_string}\"},\"query-input\":{\"@type\":\"PropertyValueSpecification\",\"valueRequired\":true,\"valueName\":\"search_term_string\"}}],\"inLanguage\":\"fr-FR\"}]}<\/script>\n<!-- \/ Yoast SEO plugin. -->","yoast_head_json":{"title":"Tecnofil, leader dans production fil pour cl\u00f4tures","description":"Le fil pour cl\u00f4tures trouve une application dans une vaste gamme de secteurs avec des produits de tr\u00e8s grande qualit\u00e9 et hautement personnalis\u00e9s","robots":{"index":"index","follow":"follow","max-snippet":"max-snippet:-1","max-image-preview":"max-image-preview:large","max-video-preview":"max-video-preview:-1"},"canonical":"https:\/\/www.tecnofil.net\/fr\/production-fil-pour-clotures\/","og_locale":"fr_FR","og_type":"article","og_title":"Tecnofil, leader dans production fil pour cl\u00f4tures","og_description":"Le fil pour cl\u00f4tures trouve une application dans une vaste gamme de secteurs avec des produits de tr\u00e8s grande qualit\u00e9 et hautement personnalis\u00e9s","og_url":"https:\/\/www.tecnofil.net\/fr\/production-fil-pour-clotures\/","og_site_name":"Tecnofil","article_modified_time":"2023-09-01T08:35:21+00:00","og_image":[{"width":1920,"height":1275,"url":"https:\/\/www.tecnofil.net\/wp-content\/uploads\/2023\/03\/shutterstock_139978996.jpg","type":"image\/jpeg"}],"twitter_card":"summary_large_image","schema":{"@context":"https:\/\/schema.org","@graph":[{"@type":"WebPage","@id":"https:\/\/www.tecnofil.net\/fr\/production-fil-pour-clotures\/","url":"https:\/\/www.tecnofil.net\/fr\/production-fil-pour-clotures\/","name":"Tecnofil, leader dans production fil pour cl\u00f4tures","isPartOf":{"@id":"https:\/\/www.tecnofil.net\/fr\/#website"},"primaryImageOfPage":{"@id":"https:\/\/www.tecnofil.net\/fr\/production-fil-pour-clotures\/#primaryimage"},"image":{"@id":"https:\/\/www.tecnofil.net\/fr\/production-fil-pour-clotures\/#primaryimage"},"thumbnailUrl":"https:\/\/www.tecnofil.net\/wp-content\/uploads\/2023\/03\/shutterstock_139978996.jpg","datePublished":"2023-03-24T10:53:56+00:00","dateModified":"2023-09-01T08:35:21+00:00","description":"Le fil pour cl\u00f4tures trouve une application dans une vaste gamme de secteurs avec des produits de tr\u00e8s grande qualit\u00e9 et hautement personnalis\u00e9s","breadcrumb":{"@id":"https:\/\/www.tecnofil.net\/fr\/production-fil-pour-clotures\/#breadcrumb"},"inLanguage":"fr-FR","potentialAction":[{"@type":"ReadAction","target":["https:\/\/www.tecnofil.net\/fr\/production-fil-pour-clotures\/"]}]},{"@type":"ImageObject","inLanguage":"fr-FR","@id":"https:\/\/www.tecnofil.net\/fr\/production-fil-pour-clotures\/#primaryimage","url":"https:\/\/www.tecnofil.net\/wp-content\/uploads\/2023\/03\/shutterstock_139978996.jpg","contentUrl":"https:\/\/www.tecnofil.net\/wp-content\/uploads\/2023\/03\/shutterstock_139978996.jpg","width":1920,"height":1275},{"@type":"BreadcrumbList","@id":"https:\/\/www.tecnofil.net\/fr\/production-fil-pour-clotures\/#breadcrumb","itemListElement":[{"@type":"ListItem","position":1,"name":"Home","item":"https:\/\/www.tecnofil.net\/fr\/"},{"@type":"ListItem","position":2,"name":"Production fil pour cl\u00f4tures"}]},{"@type":"WebSite","@id":"https:\/\/www.tecnofil.net\/fr\/#website","url":"https:\/\/www.tecnofil.net\/fr\/","name":"Tecnofil","description":"bizonweb","potentialAction":[{"@type":"SearchAction","target":{"@type":"EntryPoint","urlTemplate":"https:\/\/www.tecnofil.net\/fr\/?s={search_term_string}"},"query-input":{"@type":"PropertyValueSpecification","valueRequired":true,"valueName":"search_term_string"}}],"inLanguage":"fr-FR"}]}},"_links":{"self":[{"href":"https:\/\/www.tecnofil.net\/fr\/wp-json\/wp\/v2\/pages\/1611","targetHints":{"allow":["GET"]}}],"collection":[{"href":"https:\/\/www.tecnofil.net\/fr\/wp-json\/wp\/v2\/pages"}],"about":[{"href":"https:\/\/www.tecnofil.net\/fr\/wp-json\/wp\/v2\/types\/page"}],"author":[{"embeddable":true,"href":"https:\/\/www.tecnofil.net\/fr\/wp-json\/wp\/v2\/users\/1"}],"replies":[{"embeddable":true,"href":"https:\/\/www.tecnofil.net\/fr\/wp-json\/wp\/v2\/comments?post=1611"}],"version-history":[{"count":4,"href":"https:\/\/www.tecnofil.net\/fr\/wp-json\/wp\/v2\/pages\/1611\/revisions"}],"predecessor-version":[{"id":2600,"href":"https:\/\/www.tecnofil.net\/fr\/wp-json\/wp\/v2\/pages\/1611\/revisions\/2600"}],"acf:post":[{"embeddable":true,"href":"https:\/\/www.tecnofil.net\/fr\/wp-json\/wp\/v2\/impiego\/1327"},{"embeddable":true,"href":"https:\/\/www.tecnofil.net\/fr\/wp-json\/wp\/v2\/impiego\/1341"},{"embeddable":true,"href":"https:\/\/www.tecnofil.net\/fr\/wp-json\/wp\/v2\/impiego\/1489"},{"embeddable":true,"href":"https:\/\/www.tecnofil.net\/fr\/wp-json\/wp\/v2\/impiego\/1280"},{"embeddable":true,"href":"https:\/\/www.tecnofil.net\/fr\/wp-json\/wp\/v2\/impiego\/1334"},{"embeddable":true,"href":"https:\/\/www.tecnofil.net\/fr\/wp-json\/wp\/v2\/impiego\/1550"},{"embeddable":true,"href":"https:\/\/www.tecnofil.net\/fr\/wp-json\/wp\/v2\/impiego\/1264"},{"embeddable":true,"href":"https:\/\/www.tecnofil.net\/fr\/wp-json\/wp\/v2\/impiego\/1371"},{"embeddable":true,"href":"https:\/\/www.tecnofil.net\/fr\/wp-json\/wp\/v2\/impiego\/1257"},{"embeddable":true,"href":"https:\/\/www.tecnofil.net\/fr\/wp-json\/wp\/v2\/impiego\/1251"},{"embeddable":true,"href":"https:\/\/www.tecnofil.net\/fr\/wp-json\/wp\/v2\/impiego\/1243"},{"embeddable":true,"href":"https:\/\/www.tecnofil.net\/fr\/wp-json\/wp\/v2\/banner\/1636"}],"wp:featuredmedia":[{"embeddable":true,"href":"https:\/\/www.tecnofil.net\/fr\/wp-json\/wp\/v2\/media\/484"}],"wp:attachment":[{"href":"https:\/\/www.tecnofil.net\/fr\/wp-json\/wp\/v2\/media?parent=1611"}],"curies":[{"name":"wp","href":"https:\/\/api.w.org\/{rel}","templated":true}]}}