{"id":1587,"date":"2023-03-24T11:53:56","date_gmt":"2023-03-24T10:53:56","guid":{"rendered":"https:\/\/www.tecnofil.net\/filo-zincato-per-vigneti\/"},"modified":"2023-09-01T09:31:10","modified_gmt":"2023-09-01T08:31:10","slug":"fil-pour-agriculture","status":"publish","type":"page","link":"https:\/\/www.tecnofil.net\/fr\/fil-pour-agriculture\/","title":{"rendered":"Fil pour vigne, fil pour agriculture et \u00e9levage"},"content":{"rendered":"","protected":false},"excerpt":{"rendered":"","protected":false},"author":1,"featured_media":492,"parent":0,"menu_order":8,"comment_status":"closed","ping_status":"closed","template":"template-single-impiego.php","meta":{"_acf_changed":false,"footnotes":""},"class_list":["post-1587","page","type-page","status-publish","has-post-thumbnail","hentry"],"acf":{"associazione_banner":1636,"associazione_impieghi":[1251,1334,1341,1348,1303,1354,1362],"anchor":"Fil pour agriculture et \u00e9levage","titolo":"Fil pour vigne, fil pour agriculture et \u00e9levage","sottotitolo":"Les secteurs principaux d'application du fil pour agriculture et \u00e9levage"},"yoast_head":"<!-- This site is optimized with the Yoast SEO plugin v27.3 - https:\/\/yoast.com\/product\/yoast-seo-wordpress\/ -->\n<title>Fil pour agriculture: fil pour vigne, grillages d&#039;\u00e9levage...<\/title>\n<meta name=\"description\" content=\"Fil pour vigne, cages et grillages d&#039;\u00e9levage, une s\u00e9rie de fil pour agriculture, un fil galvanis\u00e9 pour usage viticole qui assure un grammage contr\u00f4l\u00e9\" \/>\n<meta name=\"robots\" content=\"index, follow, max-snippet:-1, max-image-preview:large, max-video-preview:-1\" \/>\n<link rel=\"canonical\" href=\"https:\/\/www.tecnofil.net\/fr\/fil-pour-agriculture\/\" \/>\n<meta property=\"og:locale\" content=\"fr_FR\" \/>\n<meta property=\"og:type\" content=\"article\" \/>\n<meta property=\"og:title\" content=\"Fil pour agriculture: fil pour vigne, grillages d&#039;\u00e9levage...\" \/>\n<meta property=\"og:description\" content=\"Fil pour vigne, cages et grillages d&#039;\u00e9levage, une s\u00e9rie de fil pour agriculture, un fil galvanis\u00e9 pour usage viticole qui assure un grammage contr\u00f4l\u00e9\" \/>\n<meta property=\"og:url\" content=\"https:\/\/www.tecnofil.net\/fr\/fil-pour-agriculture\/\" \/>\n<meta property=\"og:site_name\" content=\"Tecnofil\" \/>\n<meta property=\"article:modified_time\" content=\"2023-09-01T08:31:10+00:00\" \/>\n<meta property=\"og:image\" content=\"https:\/\/www.tecnofil.net\/wp-content\/uploads\/2023\/03\/iStock-522331821.jpg\" \/>\n\t<meta property=\"og:image:width\" content=\"1920\" \/>\n\t<meta property=\"og:image:height\" content=\"1280\" \/>\n\t<meta property=\"og:image:type\" content=\"image\/jpeg\" \/>\n<meta name=\"twitter:card\" content=\"summary_large_image\" \/>\n<script type=\"application\/ld+json\" class=\"yoast-schema-graph\">{\"@context\":\"https:\\\/\\\/schema.org\",\"@graph\":[{\"@type\":\"WebPage\",\"@id\":\"https:\\\/\\\/www.tecnofil.net\\\/fr\\\/fil-pour-agriculture\\\/\",\"url\":\"https:\\\/\\\/www.tecnofil.net\\\/fr\\\/fil-pour-agriculture\\\/\",\"name\":\"Fil pour agriculture: fil pour vigne, grillages d'\u00e9levage...\",\"isPartOf\":{\"@id\":\"https:\\\/\\\/www.tecnofil.net\\\/fr\\\/#website\"},\"primaryImageOfPage\":{\"@id\":\"https:\\\/\\\/www.tecnofil.net\\\/fr\\\/fil-pour-agriculture\\\/#primaryimage\"},\"image\":{\"@id\":\"https:\\\/\\\/www.tecnofil.net\\\/fr\\\/fil-pour-agriculture\\\/#primaryimage\"},\"thumbnailUrl\":\"https:\\\/\\\/www.tecnofil.net\\\/wp-content\\\/uploads\\\/2023\\\/03\\\/iStock-522331821.jpg\",\"datePublished\":\"2023-03-24T10:53:56+00:00\",\"dateModified\":\"2023-09-01T08:31:10+00:00\",\"description\":\"Fil pour vigne, cages et grillages d'\u00e9levage, une s\u00e9rie de fil pour agriculture, un fil galvanis\u00e9 pour usage viticole qui assure un grammage contr\u00f4l\u00e9\",\"breadcrumb\":{\"@id\":\"https:\\\/\\\/www.tecnofil.net\\\/fr\\\/fil-pour-agriculture\\\/#breadcrumb\"},\"inLanguage\":\"fr-FR\",\"potentialAction\":[{\"@type\":\"ReadAction\",\"target\":[\"https:\\\/\\\/www.tecnofil.net\\\/fr\\\/fil-pour-agriculture\\\/\"]}]},{\"@type\":\"ImageObject\",\"inLanguage\":\"fr-FR\",\"@id\":\"https:\\\/\\\/www.tecnofil.net\\\/fr\\\/fil-pour-agriculture\\\/#primaryimage\",\"url\":\"https:\\\/\\\/www.tecnofil.net\\\/wp-content\\\/uploads\\\/2023\\\/03\\\/iStock-522331821.jpg\",\"contentUrl\":\"https:\\\/\\\/www.tecnofil.net\\\/wp-content\\\/uploads\\\/2023\\\/03\\\/iStock-522331821.jpg\",\"width\":1920,\"height\":1280,\"caption\":\"planta de vid de 1 a\u00f1o de vida, creciendo activamente emitiendo brotes y zarcillos\"},{\"@type\":\"BreadcrumbList\",\"@id\":\"https:\\\/\\\/www.tecnofil.net\\\/fr\\\/fil-pour-agriculture\\\/#breadcrumb\",\"itemListElement\":[{\"@type\":\"ListItem\",\"position\":1,\"name\":\"Home\",\"item\":\"https:\\\/\\\/www.tecnofil.net\\\/fr\\\/\"},{\"@type\":\"ListItem\",\"position\":2,\"name\":\"Fil pour vigne, fil pour agriculture et \u00e9levage\"}]},{\"@type\":\"WebSite\",\"@id\":\"https:\\\/\\\/www.tecnofil.net\\\/fr\\\/#website\",\"url\":\"https:\\\/\\\/www.tecnofil.net\\\/fr\\\/\",\"name\":\"Tecnofil\",\"description\":\"bizonweb\",\"potentialAction\":[{\"@type\":\"SearchAction\",\"target\":{\"@type\":\"EntryPoint\",\"urlTemplate\":\"https:\\\/\\\/www.tecnofil.net\\\/fr\\\/?s={search_term_string}\"},\"query-input\":{\"@type\":\"PropertyValueSpecification\",\"valueRequired\":true,\"valueName\":\"search_term_string\"}}],\"inLanguage\":\"fr-FR\"}]}<\/script>\n<!-- \/ Yoast SEO plugin. -->","yoast_head_json":{"title":"Fil pour agriculture: fil pour vigne, grillages d'\u00e9levage...","description":"Fil pour vigne, cages et grillages d'\u00e9levage, une s\u00e9rie de fil pour agriculture, un fil galvanis\u00e9 pour usage viticole qui assure un grammage contr\u00f4l\u00e9","robots":{"index":"index","follow":"follow","max-snippet":"max-snippet:-1","max-image-preview":"max-image-preview:large","max-video-preview":"max-video-preview:-1"},"canonical":"https:\/\/www.tecnofil.net\/fr\/fil-pour-agriculture\/","og_locale":"fr_FR","og_type":"article","og_title":"Fil pour agriculture: fil pour vigne, grillages d'\u00e9levage...","og_description":"Fil pour vigne, cages et grillages d'\u00e9levage, une s\u00e9rie de fil pour agriculture, un fil galvanis\u00e9 pour usage viticole qui assure un grammage contr\u00f4l\u00e9","og_url":"https:\/\/www.tecnofil.net\/fr\/fil-pour-agriculture\/","og_site_name":"Tecnofil","article_modified_time":"2023-09-01T08:31:10+00:00","og_image":[{"width":1920,"height":1280,"url":"https:\/\/www.tecnofil.net\/wp-content\/uploads\/2023\/03\/iStock-522331821.jpg","type":"image\/jpeg"}],"twitter_card":"summary_large_image","schema":{"@context":"https:\/\/schema.org","@graph":[{"@type":"WebPage","@id":"https:\/\/www.tecnofil.net\/fr\/fil-pour-agriculture\/","url":"https:\/\/www.tecnofil.net\/fr\/fil-pour-agriculture\/","name":"Fil pour agriculture: fil pour vigne, grillages d'\u00e9levage...","isPartOf":{"@id":"https:\/\/www.tecnofil.net\/fr\/#website"},"primaryImageOfPage":{"@id":"https:\/\/www.tecnofil.net\/fr\/fil-pour-agriculture\/#primaryimage"},"image":{"@id":"https:\/\/www.tecnofil.net\/fr\/fil-pour-agriculture\/#primaryimage"},"thumbnailUrl":"https:\/\/www.tecnofil.net\/wp-content\/uploads\/2023\/03\/iStock-522331821.jpg","datePublished":"2023-03-24T10:53:56+00:00","dateModified":"2023-09-01T08:31:10+00:00","description":"Fil pour vigne, cages et grillages d'\u00e9levage, une s\u00e9rie de fil pour agriculture, un fil galvanis\u00e9 pour usage viticole qui assure un grammage contr\u00f4l\u00e9","breadcrumb":{"@id":"https:\/\/www.tecnofil.net\/fr\/fil-pour-agriculture\/#breadcrumb"},"inLanguage":"fr-FR","potentialAction":[{"@type":"ReadAction","target":["https:\/\/www.tecnofil.net\/fr\/fil-pour-agriculture\/"]}]},{"@type":"ImageObject","inLanguage":"fr-FR","@id":"https:\/\/www.tecnofil.net\/fr\/fil-pour-agriculture\/#primaryimage","url":"https:\/\/www.tecnofil.net\/wp-content\/uploads\/2023\/03\/iStock-522331821.jpg","contentUrl":"https:\/\/www.tecnofil.net\/wp-content\/uploads\/2023\/03\/iStock-522331821.jpg","width":1920,"height":1280,"caption":"planta de vid de 1 a\u00f1o de vida, creciendo activamente emitiendo brotes y zarcillos"},{"@type":"BreadcrumbList","@id":"https:\/\/www.tecnofil.net\/fr\/fil-pour-agriculture\/#breadcrumb","itemListElement":[{"@type":"ListItem","position":1,"name":"Home","item":"https:\/\/www.tecnofil.net\/fr\/"},{"@type":"ListItem","position":2,"name":"Fil pour vigne, fil pour agriculture et \u00e9levage"}]},{"@type":"WebSite","@id":"https:\/\/www.tecnofil.net\/fr\/#website","url":"https:\/\/www.tecnofil.net\/fr\/","name":"Tecnofil","description":"bizonweb","potentialAction":[{"@type":"SearchAction","target":{"@type":"EntryPoint","urlTemplate":"https:\/\/www.tecnofil.net\/fr\/?s={search_term_string}"},"query-input":{"@type":"PropertyValueSpecification","valueRequired":true,"valueName":"search_term_string"}}],"inLanguage":"fr-FR"}]}},"_links":{"self":[{"href":"https:\/\/www.tecnofil.net\/fr\/wp-json\/wp\/v2\/pages\/1587","targetHints":{"allow":["GET"]}}],"collection":[{"href":"https:\/\/www.tecnofil.net\/fr\/wp-json\/wp\/v2\/pages"}],"about":[{"href":"https:\/\/www.tecnofil.net\/fr\/wp-json\/wp\/v2\/types\/page"}],"author":[{"embeddable":true,"href":"https:\/\/www.tecnofil.net\/fr\/wp-json\/wp\/v2\/users\/1"}],"replies":[{"embeddable":true,"href":"https:\/\/www.tecnofil.net\/fr\/wp-json\/wp\/v2\/comments?post=1587"}],"version-history":[{"count":6,"href":"https:\/\/www.tecnofil.net\/fr\/wp-json\/wp\/v2\/pages\/1587\/revisions"}],"predecessor-version":[{"id":2598,"href":"https:\/\/www.tecnofil.net\/fr\/wp-json\/wp\/v2\/pages\/1587\/revisions\/2598"}],"acf:post":[{"embeddable":true,"href":"https:\/\/www.tecnofil.net\/fr\/wp-json\/wp\/v2\/impiego\/1362"},{"embeddable":true,"href":"https:\/\/www.tecnofil.net\/fr\/wp-json\/wp\/v2\/impiego\/1354"},{"embeddable":true,"href":"https:\/\/www.tecnofil.net\/fr\/wp-json\/wp\/v2\/impiego\/1303"},{"embeddable":true,"href":"https:\/\/www.tecnofil.net\/fr\/wp-json\/wp\/v2\/impiego\/1348"},{"embeddable":true,"href":"https:\/\/www.tecnofil.net\/fr\/wp-json\/wp\/v2\/impiego\/1341"},{"embeddable":true,"href":"https:\/\/www.tecnofil.net\/fr\/wp-json\/wp\/v2\/impiego\/1334"},{"embeddable":true,"href":"https:\/\/www.tecnofil.net\/fr\/wp-json\/wp\/v2\/impiego\/1251"},{"embeddable":true,"href":"https:\/\/www.tecnofil.net\/fr\/wp-json\/wp\/v2\/banner\/1636"}],"wp:featuredmedia":[{"embeddable":true,"href":"https:\/\/www.tecnofil.net\/fr\/wp-json\/wp\/v2\/media\/492"}],"wp:attachment":[{"href":"https:\/\/www.tecnofil.net\/fr\/wp-json\/wp\/v2\/media?parent=1587"}],"curies":[{"name":"wp","href":"https:\/\/api.w.org\/{rel}","templated":true}]}}