{"id":1015,"date":"2023-03-09T11:55:37","date_gmt":"2023-03-09T10:55:37","guid":{"rendered":"https:\/\/www.tecnofil.net\/homepage\/"},"modified":"2026-03-13T10:21:10","modified_gmt":"2026-03-13T09:21:10","slug":"homepage","status":"publish","type":"page","link":"https:\/\/www.tecnofil.net\/fr\/","title":{"rendered":"Production fil de fer et de fil d&rsquo;acier"},"content":{"rendered":"<p><strong>TECNOFIL<\/strong> est une Soci\u00e9t\u00e9 sp\u00e9cialis\u00e9e dans la fabrication de fil d\u2019acier, qui offre des solutions compl\u00e8tes pour l\u2019industrie du fil acier.<\/p>\n<p>Pour ceux qui ach\u00e8tent <strong>fil<\/strong> et bandecoll\u00e9e, <strong>TECNOFIL<\/strong> garantie un produit de haute qualit\u00e9 et un service adapt\u00e9 aux exigences du client<\/p>\n","protected":false},"excerpt":{"rendered":"<p>TECNOFIL est une Soci\u00e9t\u00e9 sp\u00e9cialis\u00e9e dans la fabrication de fil d\u2019acier, qui offre des solutions compl\u00e8tes pour l\u2019industrie du fil acier. Pour ceux qui ach\u00e8tent fil et bandecoll\u00e9e, TECNOFIL garantie un produit de haute qualit\u00e9 et un service adapt\u00e9 aux exigences du client<\/p>\n","protected":false},"author":1,"featured_media":43,"parent":0,"menu_order":0,"comment_status":"closed","ping_status":"closed","template":"","meta":{"_acf_changed":false,"footnotes":""},"class_list":["post-1015","page","type-page","status-publish","has-post-thumbnail","hentry"],"acf":{"sottotitolo":"Tecnofil: une entreprise dynamique dans l'industrie du fil de fer \u00e0 faible et moyenne teneur en carbone","allegato":3551,"etichetta_allegato":"T\u00e9l\u00e9chargez le catalogue","copertina_group":{"image_block":39,"titolo_cover":"TOUT LE QUOTIDIEN DANS UN FIL","sottotitolo_cover":"Au sommet du secteur tr\u00e9filage en Europe, Tecnofil produit de nombreux types de bande multifil et de fils \u00e0 faible-moyenne teneur en carbone, les deux destin\u00e9s \u00e0 d'innombrables champs de la production industrielle. Un partenaire pour r\u00e9aliser beaucoup, de tout, et plus!","repeater_call_to_action_group":[{"button_type":"Link","color_type":"white","hollow_block":false,"url_block":{"title":"Produits","url":"https:\/\/www.tecnofil.net\/fr\/production-fil-metallique\/","target":""},"email_block":"","tel_block":"","whatsapp_block":"","anchor_block":"","file_block":"","etichetta_block":"Voir nos produits"}]},"video":"https:\/\/www.youtube.com\/watch?v=VB1Lbq0VJHc","associazione_banner":1629,"popup_group":{"active_popup":false,"image_popup":"","titolo_popup":"","sottotitolo_popup":"","testo_popup":"","cta_popup":null}},"yoast_head":"<!-- This site is optimized with the Yoast SEO plugin v27.3 - https:\/\/yoast.com\/product\/yoast-seo-wordpress\/ -->\n<title>Tecnofil: leader dans la production de fil de fer et d&#039;acier<\/title>\n<meta name=\"description\" content=\"Tecnofil est active dans la production de fil de fer et production fil acier \u00e0 faible et moyenne teneur en carbone, avec des solutions compl\u00e8tes\" \/>\n<meta name=\"robots\" content=\"index, follow, max-snippet:-1, max-image-preview:large, max-video-preview:-1\" \/>\n<link rel=\"canonical\" href=\"https:\/\/www.tecnofil.net\/fr\/\" \/>\n<meta property=\"og:locale\" content=\"fr_FR\" \/>\n<meta property=\"og:type\" content=\"article\" \/>\n<meta property=\"og:title\" content=\"Tecnofil: leader dans la production de fil de fer et d&#039;acier\" \/>\n<meta property=\"og:description\" content=\"Tecnofil est active dans la production de fil de fer et production fil acier \u00e0 faible et moyenne teneur en carbone, avec des solutions compl\u00e8tes\" \/>\n<meta property=\"og:url\" content=\"https:\/\/www.tecnofil.net\/fr\/\" \/>\n<meta property=\"og:site_name\" content=\"Tecnofil\" \/>\n<meta property=\"article:modified_time\" content=\"2026-03-13T09:21:10+00:00\" \/>\n<meta property=\"og:image\" content=\"https:\/\/www.tecnofil.net\/wp-content\/uploads\/2023\/03\/MG_3124.jpg\" \/>\n\t<meta property=\"og:image:width\" content=\"1280\" \/>\n\t<meta property=\"og:image:height\" content=\"850\" \/>\n\t<meta property=\"og:image:type\" content=\"image\/jpeg\" \/>\n<meta name=\"twitter:card\" content=\"summary_large_image\" \/>\n<meta name=\"twitter:label1\" content=\"Dur\u00e9e de lecture estim\u00e9e\" \/>\n\t<meta name=\"twitter:data1\" content=\"2 minutes\" \/>\n<script type=\"application\/ld+json\" class=\"yoast-schema-graph\">{\"@context\":\"https:\\\/\\\/schema.org\",\"@graph\":[{\"@type\":\"WebPage\",\"@id\":\"https:\\\/\\\/www.tecnofil.net\\\/fr\\\/\",\"url\":\"https:\\\/\\\/www.tecnofil.net\\\/fr\\\/\",\"name\":\"Tecnofil: leader dans la production de fil de fer et d'acier\",\"isPartOf\":{\"@id\":\"https:\\\/\\\/www.tecnofil.net\\\/fr\\\/#website\"},\"primaryImageOfPage\":{\"@id\":\"https:\\\/\\\/www.tecnofil.net\\\/fr\\\/#primaryimage\"},\"image\":{\"@id\":\"https:\\\/\\\/www.tecnofil.net\\\/fr\\\/#primaryimage\"},\"thumbnailUrl\":\"https:\\\/\\\/www.tecnofil.net\\\/wp-content\\\/uploads\\\/2023\\\/03\\\/MG_3124.jpg\",\"datePublished\":\"2023-03-09T10:55:37+00:00\",\"dateModified\":\"2026-03-13T09:21:10+00:00\",\"description\":\"Tecnofil est active dans la production de fil de fer et production fil acier \u00e0 faible et moyenne teneur en carbone, avec des solutions compl\u00e8tes\",\"breadcrumb\":{\"@id\":\"https:\\\/\\\/www.tecnofil.net\\\/fr\\\/#breadcrumb\"},\"inLanguage\":\"fr-FR\",\"potentialAction\":[{\"@type\":\"ReadAction\",\"target\":[\"https:\\\/\\\/www.tecnofil.net\\\/fr\\\/\"]}]},{\"@type\":\"ImageObject\",\"inLanguage\":\"fr-FR\",\"@id\":\"https:\\\/\\\/www.tecnofil.net\\\/fr\\\/#primaryimage\",\"url\":\"https:\\\/\\\/www.tecnofil.net\\\/wp-content\\\/uploads\\\/2023\\\/03\\\/MG_3124.jpg\",\"contentUrl\":\"https:\\\/\\\/www.tecnofil.net\\\/wp-content\\\/uploads\\\/2023\\\/03\\\/MG_3124.jpg\",\"width\":1280,\"height\":850,\"caption\":\"trafilerie filo brescia\"},{\"@type\":\"BreadcrumbList\",\"@id\":\"https:\\\/\\\/www.tecnofil.net\\\/fr\\\/#breadcrumb\",\"itemListElement\":[{\"@type\":\"ListItem\",\"position\":1,\"name\":\"Home\",\"item\":\"https:\\\/\\\/www.tecnofil.net\\\/fr\\\/\"},{\"@type\":\"ListItem\",\"position\":2,\"name\":\"Production fil de fer et de fil d&#8217;acier\"}]},{\"@type\":\"WebSite\",\"@id\":\"https:\\\/\\\/www.tecnofil.net\\\/fr\\\/#website\",\"url\":\"https:\\\/\\\/www.tecnofil.net\\\/fr\\\/\",\"name\":\"Tecnofil\",\"description\":\"bizonweb\",\"potentialAction\":[{\"@type\":\"SearchAction\",\"target\":{\"@type\":\"EntryPoint\",\"urlTemplate\":\"https:\\\/\\\/www.tecnofil.net\\\/fr\\\/?s={search_term_string}\"},\"query-input\":{\"@type\":\"PropertyValueSpecification\",\"valueRequired\":true,\"valueName\":\"search_term_string\"}}],\"inLanguage\":\"fr-FR\"}]}<\/script>\n<!-- \/ Yoast SEO plugin. -->","yoast_head_json":{"title":"Tecnofil: leader dans la production de fil de fer et d'acier","description":"Tecnofil est active dans la production de fil de fer et production fil acier \u00e0 faible et moyenne teneur en carbone, avec des solutions compl\u00e8tes","robots":{"index":"index","follow":"follow","max-snippet":"max-snippet:-1","max-image-preview":"max-image-preview:large","max-video-preview":"max-video-preview:-1"},"canonical":"https:\/\/www.tecnofil.net\/fr\/","og_locale":"fr_FR","og_type":"article","og_title":"Tecnofil: leader dans la production de fil de fer et d'acier","og_description":"Tecnofil est active dans la production de fil de fer et production fil acier \u00e0 faible et moyenne teneur en carbone, avec des solutions compl\u00e8tes","og_url":"https:\/\/www.tecnofil.net\/fr\/","og_site_name":"Tecnofil","article_modified_time":"2026-03-13T09:21:10+00:00","og_image":[{"width":1280,"height":850,"url":"https:\/\/www.tecnofil.net\/wp-content\/uploads\/2023\/03\/MG_3124.jpg","type":"image\/jpeg"}],"twitter_card":"summary_large_image","twitter_misc":{"Dur\u00e9e de lecture estim\u00e9e":"2 minutes"},"schema":{"@context":"https:\/\/schema.org","@graph":[{"@type":"WebPage","@id":"https:\/\/www.tecnofil.net\/fr\/","url":"https:\/\/www.tecnofil.net\/fr\/","name":"Tecnofil: leader dans la production de fil de fer et d'acier","isPartOf":{"@id":"https:\/\/www.tecnofil.net\/fr\/#website"},"primaryImageOfPage":{"@id":"https:\/\/www.tecnofil.net\/fr\/#primaryimage"},"image":{"@id":"https:\/\/www.tecnofil.net\/fr\/#primaryimage"},"thumbnailUrl":"https:\/\/www.tecnofil.net\/wp-content\/uploads\/2023\/03\/MG_3124.jpg","datePublished":"2023-03-09T10:55:37+00:00","dateModified":"2026-03-13T09:21:10+00:00","description":"Tecnofil est active dans la production de fil de fer et production fil acier \u00e0 faible et moyenne teneur en carbone, avec des solutions compl\u00e8tes","breadcrumb":{"@id":"https:\/\/www.tecnofil.net\/fr\/#breadcrumb"},"inLanguage":"fr-FR","potentialAction":[{"@type":"ReadAction","target":["https:\/\/www.tecnofil.net\/fr\/"]}]},{"@type":"ImageObject","inLanguage":"fr-FR","@id":"https:\/\/www.tecnofil.net\/fr\/#primaryimage","url":"https:\/\/www.tecnofil.net\/wp-content\/uploads\/2023\/03\/MG_3124.jpg","contentUrl":"https:\/\/www.tecnofil.net\/wp-content\/uploads\/2023\/03\/MG_3124.jpg","width":1280,"height":850,"caption":"trafilerie filo brescia"},{"@type":"BreadcrumbList","@id":"https:\/\/www.tecnofil.net\/fr\/#breadcrumb","itemListElement":[{"@type":"ListItem","position":1,"name":"Home","item":"https:\/\/www.tecnofil.net\/fr\/"},{"@type":"ListItem","position":2,"name":"Production fil de fer et de fil d&#8217;acier"}]},{"@type":"WebSite","@id":"https:\/\/www.tecnofil.net\/fr\/#website","url":"https:\/\/www.tecnofil.net\/fr\/","name":"Tecnofil","description":"bizonweb","potentialAction":[{"@type":"SearchAction","target":{"@type":"EntryPoint","urlTemplate":"https:\/\/www.tecnofil.net\/fr\/?s={search_term_string}"},"query-input":{"@type":"PropertyValueSpecification","valueRequired":true,"valueName":"search_term_string"}}],"inLanguage":"fr-FR"}]}},"_links":{"self":[{"href":"https:\/\/www.tecnofil.net\/fr\/wp-json\/wp\/v2\/pages\/1015","targetHints":{"allow":["GET"]}}],"collection":[{"href":"https:\/\/www.tecnofil.net\/fr\/wp-json\/wp\/v2\/pages"}],"about":[{"href":"https:\/\/www.tecnofil.net\/fr\/wp-json\/wp\/v2\/types\/page"}],"author":[{"embeddable":true,"href":"https:\/\/www.tecnofil.net\/fr\/wp-json\/wp\/v2\/users\/1"}],"replies":[{"embeddable":true,"href":"https:\/\/www.tecnofil.net\/fr\/wp-json\/wp\/v2\/comments?post=1015"}],"version-history":[{"count":8,"href":"https:\/\/www.tecnofil.net\/fr\/wp-json\/wp\/v2\/pages\/1015\/revisions"}],"predecessor-version":[{"id":3560,"href":"https:\/\/www.tecnofil.net\/fr\/wp-json\/wp\/v2\/pages\/1015\/revisions\/3560"}],"acf:post":[{"embeddable":true,"href":"https:\/\/www.tecnofil.net\/fr\/wp-json\/wp\/v2\/banner\/1629"}],"wp:featuredmedia":[{"embeddable":true,"href":"https:\/\/www.tecnofil.net\/fr\/wp-json\/wp\/v2\/media\/43"}],"wp:attachment":[{"href":"https:\/\/www.tecnofil.net\/fr\/wp-json\/wp\/v2\/media?parent=1015"}],"curies":[{"name":"wp","href":"https:\/\/api.w.org\/{rel}","templated":true}]}}