{"id":1588,"date":"2023-03-24T11:53:56","date_gmt":"2023-03-24T10:53:56","guid":{"rendered":"https:\/\/www.tecnofil.net\/filo-zincato-per-vigneti\/"},"modified":"2023-09-01T10:39:05","modified_gmt":"2023-09-01T09:39:05","slug":"alambre-para-agricultura","status":"publish","type":"page","link":"https:\/\/www.tecnofil.net\/es\/alambre-para-agricultura\/","title":{"rendered":"Alambre para vi\u00f1as y alambre para agricultura"},"content":{"rendered":"","protected":false},"excerpt":{"rendered":"","protected":false},"author":1,"featured_media":493,"parent":0,"menu_order":8,"comment_status":"closed","ping_status":"closed","template":"template-single-impiego.php","meta":{"_acf_changed":false,"footnotes":""},"class_list":["post-1588","page","type-page","status-publish","has-post-thumbnail","hentry"],"acf":{"associazione_banner":1637,"associazione_impieghi":[1252,1335,1342,1349,1304,1355,1363],"anchor":"Alambre para agricultura y ganader\u00eda","titolo":"Alambre para vi\u00f1as y alambre para agricultura","sottotitolo":"Los principales usos del alambre para agricultura"},"yoast_head":"<!-- This site is optimized with the Yoast SEO plugin v27.3 - https:\/\/yoast.com\/product\/yoast-seo-wordpress\/ -->\n<title>Alambre para agricultura, alambre para vi\u00f1as - Tecnofil<\/title>\n<meta name=\"description\" content=\"Alambre para vi\u00f1as, jaulas y mallas para ganader\u00eda: Tecnofil elabora una serie de alambre para agricultura con un gramaje controlado y un acabado garantizados\" \/>\n<meta name=\"robots\" content=\"index, follow, max-snippet:-1, max-image-preview:large, max-video-preview:-1\" \/>\n<link rel=\"canonical\" href=\"https:\/\/www.tecnofil.net\/es\/alambre-para-agricultura\/\" \/>\n<meta property=\"og:locale\" content=\"es_ES\" \/>\n<meta property=\"og:type\" content=\"article\" \/>\n<meta property=\"og:title\" content=\"Alambre para agricultura, alambre para vi\u00f1as - Tecnofil\" \/>\n<meta property=\"og:description\" content=\"Alambre para vi\u00f1as, jaulas y mallas para ganader\u00eda: Tecnofil elabora una serie de alambre para agricultura con un gramaje controlado y un acabado garantizados\" \/>\n<meta property=\"og:url\" content=\"https:\/\/www.tecnofil.net\/es\/alambre-para-agricultura\/\" \/>\n<meta property=\"og:site_name\" content=\"Tecnofil\" \/>\n<meta property=\"article:modified_time\" content=\"2023-09-01T09:39:05+00:00\" \/>\n<meta property=\"og:image\" content=\"https:\/\/www.tecnofil.net\/wp-content\/uploads\/2023\/03\/iStock-522331821.jpg\" \/>\n\t<meta property=\"og:image:width\" content=\"1920\" \/>\n\t<meta property=\"og:image:height\" content=\"1280\" \/>\n\t<meta property=\"og:image:type\" content=\"image\/jpeg\" \/>\n<meta name=\"twitter:card\" content=\"summary_large_image\" \/>\n<script type=\"application\/ld+json\" class=\"yoast-schema-graph\">{\"@context\":\"https:\\\/\\\/schema.org\",\"@graph\":[{\"@type\":\"WebPage\",\"@id\":\"https:\\\/\\\/www.tecnofil.net\\\/es\\\/alambre-para-agricultura\\\/\",\"url\":\"https:\\\/\\\/www.tecnofil.net\\\/es\\\/alambre-para-agricultura\\\/\",\"name\":\"Alambre para agricultura, alambre para vi\u00f1as - Tecnofil\",\"isPartOf\":{\"@id\":\"https:\\\/\\\/www.tecnofil.net\\\/es\\\/#website\"},\"primaryImageOfPage\":{\"@id\":\"https:\\\/\\\/www.tecnofil.net\\\/es\\\/alambre-para-agricultura\\\/#primaryimage\"},\"image\":{\"@id\":\"https:\\\/\\\/www.tecnofil.net\\\/es\\\/alambre-para-agricultura\\\/#primaryimage\"},\"thumbnailUrl\":\"https:\\\/\\\/www.tecnofil.net\\\/wp-content\\\/uploads\\\/2023\\\/03\\\/iStock-522331821.jpg\",\"datePublished\":\"2023-03-24T10:53:56+00:00\",\"dateModified\":\"2023-09-01T09:39:05+00:00\",\"description\":\"Alambre para vi\u00f1as, jaulas y mallas para ganader\u00eda: Tecnofil elabora una serie de alambre para agricultura con un gramaje controlado y un acabado garantizados\",\"breadcrumb\":{\"@id\":\"https:\\\/\\\/www.tecnofil.net\\\/es\\\/alambre-para-agricultura\\\/#breadcrumb\"},\"inLanguage\":\"es\",\"potentialAction\":[{\"@type\":\"ReadAction\",\"target\":[\"https:\\\/\\\/www.tecnofil.net\\\/es\\\/alambre-para-agricultura\\\/\"]}]},{\"@type\":\"ImageObject\",\"inLanguage\":\"es\",\"@id\":\"https:\\\/\\\/www.tecnofil.net\\\/es\\\/alambre-para-agricultura\\\/#primaryimage\",\"url\":\"https:\\\/\\\/www.tecnofil.net\\\/wp-content\\\/uploads\\\/2023\\\/03\\\/iStock-522331821.jpg\",\"contentUrl\":\"https:\\\/\\\/www.tecnofil.net\\\/wp-content\\\/uploads\\\/2023\\\/03\\\/iStock-522331821.jpg\",\"width\":1920,\"height\":1280,\"caption\":\"planta de vid de 1 a\u00f1o de vida, creciendo activamente emitiendo brotes y zarcillos\"},{\"@type\":\"BreadcrumbList\",\"@id\":\"https:\\\/\\\/www.tecnofil.net\\\/es\\\/alambre-para-agricultura\\\/#breadcrumb\",\"itemListElement\":[{\"@type\":\"ListItem\",\"position\":1,\"name\":\"Home\",\"item\":\"https:\\\/\\\/www.tecnofil.net\\\/es\\\/\"},{\"@type\":\"ListItem\",\"position\":2,\"name\":\"Alambre para vi\u00f1as y alambre para agricultura\"}]},{\"@type\":\"WebSite\",\"@id\":\"https:\\\/\\\/www.tecnofil.net\\\/es\\\/#website\",\"url\":\"https:\\\/\\\/www.tecnofil.net\\\/es\\\/\",\"name\":\"Tecnofil\",\"description\":\"bizonweb\",\"potentialAction\":[{\"@type\":\"SearchAction\",\"target\":{\"@type\":\"EntryPoint\",\"urlTemplate\":\"https:\\\/\\\/www.tecnofil.net\\\/es\\\/?s={search_term_string}\"},\"query-input\":{\"@type\":\"PropertyValueSpecification\",\"valueRequired\":true,\"valueName\":\"search_term_string\"}}],\"inLanguage\":\"es\"}]}<\/script>\n<!-- \/ Yoast SEO plugin. -->","yoast_head_json":{"title":"Alambre para agricultura, alambre para vi\u00f1as - Tecnofil","description":"Alambre para vi\u00f1as, jaulas y mallas para ganader\u00eda: Tecnofil elabora una serie de alambre para agricultura con un gramaje controlado y un acabado garantizados","robots":{"index":"index","follow":"follow","max-snippet":"max-snippet:-1","max-image-preview":"max-image-preview:large","max-video-preview":"max-video-preview:-1"},"canonical":"https:\/\/www.tecnofil.net\/es\/alambre-para-agricultura\/","og_locale":"es_ES","og_type":"article","og_title":"Alambre para agricultura, alambre para vi\u00f1as - Tecnofil","og_description":"Alambre para vi\u00f1as, jaulas y mallas para ganader\u00eda: Tecnofil elabora una serie de alambre para agricultura con un gramaje controlado y un acabado garantizados","og_url":"https:\/\/www.tecnofil.net\/es\/alambre-para-agricultura\/","og_site_name":"Tecnofil","article_modified_time":"2023-09-01T09:39:05+00:00","og_image":[{"width":1920,"height":1280,"url":"https:\/\/www.tecnofil.net\/wp-content\/uploads\/2023\/03\/iStock-522331821.jpg","type":"image\/jpeg"}],"twitter_card":"summary_large_image","schema":{"@context":"https:\/\/schema.org","@graph":[{"@type":"WebPage","@id":"https:\/\/www.tecnofil.net\/es\/alambre-para-agricultura\/","url":"https:\/\/www.tecnofil.net\/es\/alambre-para-agricultura\/","name":"Alambre para agricultura, alambre para vi\u00f1as - Tecnofil","isPartOf":{"@id":"https:\/\/www.tecnofil.net\/es\/#website"},"primaryImageOfPage":{"@id":"https:\/\/www.tecnofil.net\/es\/alambre-para-agricultura\/#primaryimage"},"image":{"@id":"https:\/\/www.tecnofil.net\/es\/alambre-para-agricultura\/#primaryimage"},"thumbnailUrl":"https:\/\/www.tecnofil.net\/wp-content\/uploads\/2023\/03\/iStock-522331821.jpg","datePublished":"2023-03-24T10:53:56+00:00","dateModified":"2023-09-01T09:39:05+00:00","description":"Alambre para vi\u00f1as, jaulas y mallas para ganader\u00eda: Tecnofil elabora una serie de alambre para agricultura con un gramaje controlado y un acabado garantizados","breadcrumb":{"@id":"https:\/\/www.tecnofil.net\/es\/alambre-para-agricultura\/#breadcrumb"},"inLanguage":"es","potentialAction":[{"@type":"ReadAction","target":["https:\/\/www.tecnofil.net\/es\/alambre-para-agricultura\/"]}]},{"@type":"ImageObject","inLanguage":"es","@id":"https:\/\/www.tecnofil.net\/es\/alambre-para-agricultura\/#primaryimage","url":"https:\/\/www.tecnofil.net\/wp-content\/uploads\/2023\/03\/iStock-522331821.jpg","contentUrl":"https:\/\/www.tecnofil.net\/wp-content\/uploads\/2023\/03\/iStock-522331821.jpg","width":1920,"height":1280,"caption":"planta de vid de 1 a\u00f1o de vida, creciendo activamente emitiendo brotes y zarcillos"},{"@type":"BreadcrumbList","@id":"https:\/\/www.tecnofil.net\/es\/alambre-para-agricultura\/#breadcrumb","itemListElement":[{"@type":"ListItem","position":1,"name":"Home","item":"https:\/\/www.tecnofil.net\/es\/"},{"@type":"ListItem","position":2,"name":"Alambre para vi\u00f1as y alambre para agricultura"}]},{"@type":"WebSite","@id":"https:\/\/www.tecnofil.net\/es\/#website","url":"https:\/\/www.tecnofil.net\/es\/","name":"Tecnofil","description":"bizonweb","potentialAction":[{"@type":"SearchAction","target":{"@type":"EntryPoint","urlTemplate":"https:\/\/www.tecnofil.net\/es\/?s={search_term_string}"},"query-input":{"@type":"PropertyValueSpecification","valueRequired":true,"valueName":"search_term_string"}}],"inLanguage":"es"}]}},"_links":{"self":[{"href":"https:\/\/www.tecnofil.net\/es\/wp-json\/wp\/v2\/pages\/1588","targetHints":{"allow":["GET"]}}],"collection":[{"href":"https:\/\/www.tecnofil.net\/es\/wp-json\/wp\/v2\/pages"}],"about":[{"href":"https:\/\/www.tecnofil.net\/es\/wp-json\/wp\/v2\/types\/page"}],"author":[{"embeddable":true,"href":"https:\/\/www.tecnofil.net\/es\/wp-json\/wp\/v2\/users\/1"}],"replies":[{"embeddable":true,"href":"https:\/\/www.tecnofil.net\/es\/wp-json\/wp\/v2\/comments?post=1588"}],"version-history":[{"count":4,"href":"https:\/\/www.tecnofil.net\/es\/wp-json\/wp\/v2\/pages\/1588\/revisions"}],"predecessor-version":[{"id":2621,"href":"https:\/\/www.tecnofil.net\/es\/wp-json\/wp\/v2\/pages\/1588\/revisions\/2621"}],"acf:post":[{"embeddable":true,"href":"https:\/\/www.tecnofil.net\/es\/wp-json\/wp\/v2\/impiego\/1363"},{"embeddable":true,"href":"https:\/\/www.tecnofil.net\/es\/wp-json\/wp\/v2\/impiego\/1355"},{"embeddable":true,"href":"https:\/\/www.tecnofil.net\/es\/wp-json\/wp\/v2\/impiego\/1304"},{"embeddable":true,"href":"https:\/\/www.tecnofil.net\/es\/wp-json\/wp\/v2\/impiego\/1349"},{"embeddable":true,"href":"https:\/\/www.tecnofil.net\/es\/wp-json\/wp\/v2\/impiego\/1342"},{"embeddable":true,"href":"https:\/\/www.tecnofil.net\/es\/wp-json\/wp\/v2\/impiego\/1335"},{"embeddable":true,"href":"https:\/\/www.tecnofil.net\/es\/wp-json\/wp\/v2\/impiego\/1252"},{"embeddable":true,"href":"https:\/\/www.tecnofil.net\/es\/wp-json\/wp\/v2\/banner\/1637"}],"wp:featuredmedia":[{"embeddable":true,"href":"https:\/\/www.tecnofil.net\/es\/wp-json\/wp\/v2\/media\/493"}],"wp:attachment":[{"href":"https:\/\/www.tecnofil.net\/es\/wp-json\/wp\/v2\/media?parent=1588"}],"curies":[{"name":"wp","href":"https:\/\/api.w.org\/{rel}","templated":true}]}}