{"id":1017,"date":"2023-03-09T11:55:37","date_gmt":"2023-03-09T10:55:37","guid":{"rendered":"https:\/\/www.tecnofil.net\/homepage\/"},"modified":"2026-03-13T10:22:04","modified_gmt":"2026-03-13T09:22:04","slug":"homepage","status":"publish","type":"page","link":"https:\/\/www.tecnofil.net\/es\/","title":{"rendered":"Fabricaci\u00f3n de alambre de hierro"},"content":{"rendered":"<p><strong>TECNOFIL<\/strong> est\u00e1 especializada en fabricaci\u00f3n de alambre de bajo y medio carbono y ofrece soluciones completas para la industria del alambre.<\/p>\n<p>Para quien necesita alambre o banda para grapas, <strong>TECNOFIL<\/strong> ofrece m\u00e1xima calidad de productos y un servicio global para atender lo mejor posible a los clientes.<\/p>\n","protected":false},"excerpt":{"rendered":"<p>TECNOFIL est\u00e1 especializada en fabricaci\u00f3n de alambre de bajo y medio carbono y ofrece soluciones completas para la industria del alambre. Para quien necesita alambre o banda para grapas, TECNOFIL ofrece m\u00e1xima calidad de productos y un servicio global para atender lo mejor posible a los clientes.<\/p>\n","protected":false},"author":1,"featured_media":44,"parent":0,"menu_order":0,"comment_status":"closed","ping_status":"closed","template":"","meta":{"_acf_changed":false,"footnotes":""},"class_list":["post-1017","page","type-page","status-publish","has-post-thumbnail","hentry"],"acf":{"sottotitolo":"Tecnofil: una empresa puntera en la industria del alambre de medio-bajo contenido de carbono","allegato":3548,"etichetta_allegato":"Descubre el cat\u00e1logo","copertina_group":{"image_block":40,"titolo_cover":"TODA LA COTIDIANIDAD EN UN HILO","sottotitolo_cover":"En la punta del sector del trefilado en Europa, Tecnofil fabrica diversos tipos de banda multi-alambre y alambres de medio-bajo contenido de carbono, ambos destinados a innumerables campos de fabricaci\u00f3n industrial. Un interlocutor ideal para emprender m\u00faltiples realizaciones, de todo, y...\u00a1m\u00e1s!","repeater_call_to_action_group":[{"button_type":"Link","color_type":"white","hollow_block":false,"url_block":{"title":"Productos","url":"https:\/\/www.tecnofil.net\/es\/alambre-metalico\/","target":""},"email_block":"","tel_block":"","whatsapp_block":"","anchor_block":"","file_block":"","etichetta_block":"Ver productos"}]},"video":"https:\/\/www.youtube.com\/watch?v=VB1Lbq0VJHc","associazione_banner":1630,"popup_group":{"active_popup":false,"image_popup":"","titolo_popup":"","sottotitolo_popup":"","testo_popup":"","cta_popup":null}},"yoast_head":"<!-- This site is optimized with the Yoast SEO plugin v27.3 - https:\/\/yoast.com\/product\/yoast-seo-wordpress\/ -->\n<title>Alambre de hierro l\u00edder en la fabricaci\u00f3n de hierro Italia.<\/title>\n<meta name=\"description\" content=\"Tecnofil es l\u00edder en Italia en la fabricaci\u00f3n de alambre de hierro de alto y medio tenor de carbono. Ofrece soluciones completas y un grande cat\u00e1logo productos.\" \/>\n<meta name=\"robots\" content=\"index, follow, max-snippet:-1, max-image-preview:large, max-video-preview:-1\" \/>\n<link rel=\"canonical\" href=\"https:\/\/www.tecnofil.net\/es\/\" \/>\n<meta property=\"og:locale\" content=\"es_ES\" \/>\n<meta property=\"og:type\" content=\"article\" \/>\n<meta property=\"og:title\" content=\"Alambre de hierro l\u00edder en la fabricaci\u00f3n de hierro Italia.\" \/>\n<meta property=\"og:description\" content=\"Tecnofil es l\u00edder en Italia en la fabricaci\u00f3n de alambre de hierro de alto y medio tenor de carbono. Ofrece soluciones completas y un grande cat\u00e1logo productos.\" \/>\n<meta property=\"og:url\" content=\"https:\/\/www.tecnofil.net\/es\/\" \/>\n<meta property=\"og:site_name\" content=\"Tecnofil\" \/>\n<meta property=\"article:modified_time\" content=\"2026-03-13T09:22:04+00:00\" \/>\n<meta property=\"og:image\" content=\"https:\/\/www.tecnofil.net\/wp-content\/uploads\/2023\/03\/MG_3124.jpg\" \/>\n\t<meta property=\"og:image:width\" content=\"1280\" \/>\n\t<meta property=\"og:image:height\" content=\"850\" \/>\n\t<meta property=\"og:image:type\" content=\"image\/jpeg\" \/>\n<meta name=\"twitter:card\" content=\"summary_large_image\" \/>\n<meta name=\"twitter:label1\" content=\"Tiempo de lectura\" \/>\n\t<meta name=\"twitter:data1\" content=\"2 minutos\" \/>\n<script type=\"application\/ld+json\" class=\"yoast-schema-graph\">{\"@context\":\"https:\\\/\\\/schema.org\",\"@graph\":[{\"@type\":\"WebPage\",\"@id\":\"https:\\\/\\\/www.tecnofil.net\\\/es\\\/\",\"url\":\"https:\\\/\\\/www.tecnofil.net\\\/es\\\/\",\"name\":\"Alambre de hierro l\u00edder en la fabricaci\u00f3n de hierro Italia.\",\"isPartOf\":{\"@id\":\"https:\\\/\\\/www.tecnofil.net\\\/es\\\/#website\"},\"primaryImageOfPage\":{\"@id\":\"https:\\\/\\\/www.tecnofil.net\\\/es\\\/#primaryimage\"},\"image\":{\"@id\":\"https:\\\/\\\/www.tecnofil.net\\\/es\\\/#primaryimage\"},\"thumbnailUrl\":\"https:\\\/\\\/www.tecnofil.net\\\/wp-content\\\/uploads\\\/2023\\\/03\\\/MG_3124.jpg\",\"datePublished\":\"2023-03-09T10:55:37+00:00\",\"dateModified\":\"2026-03-13T09:22:04+00:00\",\"description\":\"Tecnofil es l\u00edder en Italia en la fabricaci\u00f3n de alambre de hierro de alto y medio tenor de carbono. Ofrece soluciones completas y un grande cat\u00e1logo productos.\",\"breadcrumb\":{\"@id\":\"https:\\\/\\\/www.tecnofil.net\\\/es\\\/#breadcrumb\"},\"inLanguage\":\"es\",\"potentialAction\":[{\"@type\":\"ReadAction\",\"target\":[\"https:\\\/\\\/www.tecnofil.net\\\/es\\\/\"]}]},{\"@type\":\"ImageObject\",\"inLanguage\":\"es\",\"@id\":\"https:\\\/\\\/www.tecnofil.net\\\/es\\\/#primaryimage\",\"url\":\"https:\\\/\\\/www.tecnofil.net\\\/wp-content\\\/uploads\\\/2023\\\/03\\\/MG_3124.jpg\",\"contentUrl\":\"https:\\\/\\\/www.tecnofil.net\\\/wp-content\\\/uploads\\\/2023\\\/03\\\/MG_3124.jpg\",\"width\":1280,\"height\":850,\"caption\":\"trafilerie filo brescia\"},{\"@type\":\"BreadcrumbList\",\"@id\":\"https:\\\/\\\/www.tecnofil.net\\\/es\\\/#breadcrumb\",\"itemListElement\":[{\"@type\":\"ListItem\",\"position\":1,\"name\":\"Home\",\"item\":\"https:\\\/\\\/www.tecnofil.net\\\/es\\\/\"},{\"@type\":\"ListItem\",\"position\":2,\"name\":\"Fabricaci\u00f3n de alambre de hierro\"}]},{\"@type\":\"WebSite\",\"@id\":\"https:\\\/\\\/www.tecnofil.net\\\/es\\\/#website\",\"url\":\"https:\\\/\\\/www.tecnofil.net\\\/es\\\/\",\"name\":\"Tecnofil\",\"description\":\"bizonweb\",\"potentialAction\":[{\"@type\":\"SearchAction\",\"target\":{\"@type\":\"EntryPoint\",\"urlTemplate\":\"https:\\\/\\\/www.tecnofil.net\\\/es\\\/?s={search_term_string}\"},\"query-input\":{\"@type\":\"PropertyValueSpecification\",\"valueRequired\":true,\"valueName\":\"search_term_string\"}}],\"inLanguage\":\"es\"}]}<\/script>\n<!-- \/ Yoast SEO plugin. -->","yoast_head_json":{"title":"Alambre de hierro l\u00edder en la fabricaci\u00f3n de hierro Italia.","description":"Tecnofil es l\u00edder en Italia en la fabricaci\u00f3n de alambre de hierro de alto y medio tenor de carbono. Ofrece soluciones completas y un grande cat\u00e1logo productos.","robots":{"index":"index","follow":"follow","max-snippet":"max-snippet:-1","max-image-preview":"max-image-preview:large","max-video-preview":"max-video-preview:-1"},"canonical":"https:\/\/www.tecnofil.net\/es\/","og_locale":"es_ES","og_type":"article","og_title":"Alambre de hierro l\u00edder en la fabricaci\u00f3n de hierro Italia.","og_description":"Tecnofil es l\u00edder en Italia en la fabricaci\u00f3n de alambre de hierro de alto y medio tenor de carbono. Ofrece soluciones completas y un grande cat\u00e1logo productos.","og_url":"https:\/\/www.tecnofil.net\/es\/","og_site_name":"Tecnofil","article_modified_time":"2026-03-13T09:22:04+00:00","og_image":[{"width":1280,"height":850,"url":"https:\/\/www.tecnofil.net\/wp-content\/uploads\/2023\/03\/MG_3124.jpg","type":"image\/jpeg"}],"twitter_card":"summary_large_image","twitter_misc":{"Tiempo de lectura":"2 minutos"},"schema":{"@context":"https:\/\/schema.org","@graph":[{"@type":"WebPage","@id":"https:\/\/www.tecnofil.net\/es\/","url":"https:\/\/www.tecnofil.net\/es\/","name":"Alambre de hierro l\u00edder en la fabricaci\u00f3n de hierro Italia.","isPartOf":{"@id":"https:\/\/www.tecnofil.net\/es\/#website"},"primaryImageOfPage":{"@id":"https:\/\/www.tecnofil.net\/es\/#primaryimage"},"image":{"@id":"https:\/\/www.tecnofil.net\/es\/#primaryimage"},"thumbnailUrl":"https:\/\/www.tecnofil.net\/wp-content\/uploads\/2023\/03\/MG_3124.jpg","datePublished":"2023-03-09T10:55:37+00:00","dateModified":"2026-03-13T09:22:04+00:00","description":"Tecnofil es l\u00edder en Italia en la fabricaci\u00f3n de alambre de hierro de alto y medio tenor de carbono. Ofrece soluciones completas y un grande cat\u00e1logo productos.","breadcrumb":{"@id":"https:\/\/www.tecnofil.net\/es\/#breadcrumb"},"inLanguage":"es","potentialAction":[{"@type":"ReadAction","target":["https:\/\/www.tecnofil.net\/es\/"]}]},{"@type":"ImageObject","inLanguage":"es","@id":"https:\/\/www.tecnofil.net\/es\/#primaryimage","url":"https:\/\/www.tecnofil.net\/wp-content\/uploads\/2023\/03\/MG_3124.jpg","contentUrl":"https:\/\/www.tecnofil.net\/wp-content\/uploads\/2023\/03\/MG_3124.jpg","width":1280,"height":850,"caption":"trafilerie filo brescia"},{"@type":"BreadcrumbList","@id":"https:\/\/www.tecnofil.net\/es\/#breadcrumb","itemListElement":[{"@type":"ListItem","position":1,"name":"Home","item":"https:\/\/www.tecnofil.net\/es\/"},{"@type":"ListItem","position":2,"name":"Fabricaci\u00f3n de alambre de hierro"}]},{"@type":"WebSite","@id":"https:\/\/www.tecnofil.net\/es\/#website","url":"https:\/\/www.tecnofil.net\/es\/","name":"Tecnofil","description":"bizonweb","potentialAction":[{"@type":"SearchAction","target":{"@type":"EntryPoint","urlTemplate":"https:\/\/www.tecnofil.net\/es\/?s={search_term_string}"},"query-input":{"@type":"PropertyValueSpecification","valueRequired":true,"valueName":"search_term_string"}}],"inLanguage":"es"}]}},"_links":{"self":[{"href":"https:\/\/www.tecnofil.net\/es\/wp-json\/wp\/v2\/pages\/1017","targetHints":{"allow":["GET"]}}],"collection":[{"href":"https:\/\/www.tecnofil.net\/es\/wp-json\/wp\/v2\/pages"}],"about":[{"href":"https:\/\/www.tecnofil.net\/es\/wp-json\/wp\/v2\/types\/page"}],"author":[{"embeddable":true,"href":"https:\/\/www.tecnofil.net\/es\/wp-json\/wp\/v2\/users\/1"}],"replies":[{"embeddable":true,"href":"https:\/\/www.tecnofil.net\/es\/wp-json\/wp\/v2\/comments?post=1017"}],"version-history":[{"count":7,"href":"https:\/\/www.tecnofil.net\/es\/wp-json\/wp\/v2\/pages\/1017\/revisions"}],"predecessor-version":[{"id":3562,"href":"https:\/\/www.tecnofil.net\/es\/wp-json\/wp\/v2\/pages\/1017\/revisions\/3562"}],"acf:post":[{"embeddable":true,"href":"https:\/\/www.tecnofil.net\/es\/wp-json\/wp\/v2\/banner\/1630"}],"wp:featuredmedia":[{"embeddable":true,"href":"https:\/\/www.tecnofil.net\/es\/wp-json\/wp\/v2\/media\/44"}],"wp:attachment":[{"href":"https:\/\/www.tecnofil.net\/es\/wp-json\/wp\/v2\/media?parent=1017"}],"curies":[{"name":"wp","href":"https:\/\/api.w.org\/{rel}","templated":true}]}}